{"id":343,"date":"2019-03-29T18:35:46","date_gmt":"2019-03-29T17:35:46","guid":{"rendered":"http:\/\/karnavires.org\/?page_id=343"},"modified":"2019-04-19T20:34:40","modified_gmt":"2019-04-19T18:34:40","slug":"about","status":"publish","type":"page","link":"http:\/\/karnavires.org\/en\/about\/","title":{"rendered":"About"},"content":{"rendered":"<div id=\"pl-343\"  class=\"panel-layout\" ><div id=\"pg-343-0\"  class=\"panel-grid panel-no-style\" ><div id=\"pgc-343-0-0\"  class=\"panel-grid-cell\" ><div class=\"flexFullHeightColumn panel-cell-style panel-cell-style-for-343-0-0\" ><div id=\"panel-343-0-0-0\" class=\"so-panel widget widget_sow-editor panel-first-child panel-last-child\" data-index=\"0\" ><div class=\"panel-widget-style panel-widget-style-for-343-0-0-0\" ><div\n\t\t\t\n\t\t\tclass=\"so-widget-sow-editor so-widget-sow-editor-base\"\n\t\t\t\n\t\t>\n<div class=\"siteorigin-widget-tinymce textwidget\">\n\t<p class=\"align-justify\">Since its creation, KaRNaVIrES has been questioning the public space, telling stories to today's cities while developing dramaturgical and scenographic writing for the spectacular course.<\/p>\n<p class=\"align-justify\">For more than 30 years the company has created shows mixing theater, music and pyrotechnics. More than 30 creations, events, collaborations and workshops that have toured across Europe.<\/p>\n<p class=\"align-justify\">The company is regularly supported by the General Council 13, The Metropolis Aix Marseille Provence<\/p>\n<\/div>\n<\/div><\/div><\/div><\/div><\/div><\/div><div id=\"pg-343-1\"  class=\"panel-grid panel-no-style\" ><div id=\"pgc-343-1-0\"  class=\"panel-grid-cell\" ><div class=\"flexFullHeightColumn panel-cell-style panel-cell-style-for-343-1-0\" ><div id=\"panel-343-1-0-0\" class=\"so-panel widget widget_media_image panel-first-child\" data-index=\"1\" ><img width=\"660\" height=\"383\" src=\"http:\/\/karnavires.org\/wp-content\/uploads\/2019\/04\/Equipe2-1024x595.jpg\" class=\"image wp-image-419  attachment-large size-large\" alt=\"\" loading=\"lazy\" style=\"max-width: 100%; height: auto;\" srcset=\"http:\/\/karnavires.org\/wp-content\/uploads\/2019\/04\/Equipe2-1024x595.jpg 1024w, http:\/\/karnavires.org\/wp-content\/uploads\/2019\/04\/Equipe2-300x174.jpg 300w, http:\/\/karnavires.org\/wp-content\/uploads\/2019\/04\/Equipe2-768x446.jpg 768w, http:\/\/karnavires.org\/wp-content\/uploads\/2019\/04\/Equipe2.jpg 1200w\" sizes=\"(max-width: 660px) 100vw, 660px\" \/><\/div><div id=\"panel-343-1-0-1\" class=\"so-panel widget widget_sow-editor panel-last-child\" data-index=\"2\" ><div class=\"panel-widget-style panel-widget-style-for-343-1-0-1\" ><div\n\t\t\t\n\t\t\tclass=\"so-widget-sow-editor so-widget-sow-editor-base\"\n\t\t\t\n\t\t>\n<div class=\"siteorigin-widget-tinymce textwidget\">\n\t<h2 style=\"text-align: right;\">KARNAVIRES 's team are :<\/h2>\n<p style=\"text-align: right;\">President : Guilaine PEINADO<\/p>\n<p style=\"text-align: right;\">treasurer : Tatiana FLICK<\/p>\n<p style=\"text-align: right;\">Comedians and Technicians : Amandine BUIXEDA, Alain CASSET, Pauline ESTIENNE, Sylvain GEORGET, J\u00e9r\u00e9mie HUTIN, Nina LANGHAMMER, Julien LEMONNIER, Fred MOL\u00c9, Fred KODIAK, Olivier CORCOLLE, Thomas LECLERCQ, Olivier LEDAUPHIN, Ilijana VUKMIR DAMOUR, Jules POULAIN PLISSONEAU, Denis PASCUAL, Sandrine STANTINA, Fran\u00e7oise CARTON, Raphael VERLEY ...<\/p>\n<p style=\"text-align: right;\">Not to mention all those who passed by us ...<\/p>\n<p style=\"text-align: right;\"><em>Photo credits: Philippe Arnassan, Veronika Auda, Gerard Baeckeroot, Eric White, Pierre Borasci, Pascale Ceccaldi, Gilbert Ceccaldi, Jean-Michel Coubart, Patrick Denis, Jean-Michel Durey, Patrice Hirt, Sam Imagine, Karnavires, Anne Le Goff, Christine Leroy, Vincent Lucas, Jean-Marie Muggianu, Marc Munari, Michelle Oh, Gilles Piel, Michel Taffin, Luc Viatour, Michel Wiart.<\/em><\/p>\n<\/div>\n<\/div><\/div><\/div><\/div><\/div><div id=\"pgc-343-1-1\"  class=\"panel-grid-cell\" ><div class=\"flexFullHeightColumn panel-cell-style panel-cell-style-for-343-1-1\" ><div id=\"panel-343-1-1-0\" class=\"so-panel widget widget_media_image panel-first-child\" data-index=\"3\" ><img width=\"660\" height=\"383\" src=\"http:\/\/karnavires.org\/wp-content\/uploads\/2019\/04\/Equipe1-1024x595.jpg\" class=\"image wp-image-418  attachment-large size-large\" alt=\"\" loading=\"lazy\" style=\"max-width: 100%; height: auto;\" srcset=\"http:\/\/karnavires.org\/wp-content\/uploads\/2019\/04\/Equipe1-1024x595.jpg 1024w, http:\/\/karnavires.org\/wp-content\/uploads\/2019\/04\/Equipe1-300x174.jpg 300w, http:\/\/karnavires.org\/wp-content\/uploads\/2019\/04\/Equipe1-768x446.jpg 768w, http:\/\/karnavires.org\/wp-content\/uploads\/2019\/04\/Equipe1.jpg 1200w\" sizes=\"(max-width: 660px) 100vw, 660px\" \/><\/div><div id=\"panel-343-1-1-1\" class=\"so-panel widget widget_sow-editor panel-last-child\" data-index=\"4\" ><div class=\"panel-widget-style panel-widget-style-for-343-1-1-1\" ><div\n\t\t\t\n\t\t\tclass=\"so-widget-sow-editor so-widget-sow-editor-base\"\n\t\t\t\n\t\t>\n<div class=\"siteorigin-widget-tinymce textwidget\">\n\t<h2>The place<\/h2>\n<p>Since 1996, the company is installed in the showers (hangman's room), in the former mine pit of Mimet.<\/p>\n<p>This room of 900 m2 comprises :<\/p>\n<p>1 rehearsal room of 300 m2, a ceiling height of 6 m .<\/p>\n<p>1 storage room and construction of 300 m2.<\/p>\n<p>1 storage room and costumes rooms<\/p>\n<p>1 administrative office.<\/p>\n<p>1 kitchen.<\/p>\n<p>This place is an exceptional tool for the activities of the company. It can be made available, punctually, for projects outside the company, in the form of residency, rehearsals.<\/p>\n<\/div>\n<\/div><\/div><\/div><\/div><\/div><\/div><\/div>","protected":false},"excerpt":{"rendered":"<p>Since its creation, KaRNaVIrES has been questioning the public space, telling stories to today&#8217;s cities while developing dramaturgical and scenographic writing for the spectacular course. For more than 30 years the company has created shows mixing theater, music and pyrotechnics. More than 30 creations, events, collaborations and workshops that have toured across Europe. The company is regularly supported by the&#8230;<\/p>\n","protected":false},"author":1,"featured_media":0,"parent":0,"menu_order":4,"comment_status":"closed","ping_status":"closed","template":"","meta":[],"_links":{"self":[{"href":"http:\/\/karnavires.org\/en\/wp-json\/wp\/v2\/pages\/343"}],"collection":[{"href":"http:\/\/karnavires.org\/en\/wp-json\/wp\/v2\/pages"}],"about":[{"href":"http:\/\/karnavires.org\/en\/wp-json\/wp\/v2\/types\/page"}],"author":[{"embeddable":true,"href":"http:\/\/karnavires.org\/en\/wp-json\/wp\/v2\/users\/1"}],"replies":[{"embeddable":true,"href":"http:\/\/karnavires.org\/en\/wp-json\/wp\/v2\/comments?post=343"}],"version-history":[{"count":14,"href":"http:\/\/karnavires.org\/en\/wp-json\/wp\/v2\/pages\/343\/revisions"}],"predecessor-version":[{"id":583,"href":"http:\/\/karnavires.org\/en\/wp-json\/wp\/v2\/pages\/343\/revisions\/583"}],"wp:attachment":[{"href":"http:\/\/karnavires.org\/en\/wp-json\/wp\/v2\/media?parent=343"}],"curies":[{"name":"wp","href":"https:\/\/api.w.org\/{rel}","templated":true}]}}